{"id":78,"date":"2013-01-29T20:15:28","date_gmt":"2013-01-29T20:15:28","guid":{"rendered":"https:\/\/klubolimpijczyka-nowa.duchu.net\/?p=78"},"modified":"2024-03-06T17:27:13","modified_gmt":"2024-03-06T17:27:13","slug":"mistzostwa-swiata-w-pilce-recznej-mezczyzn-78","status":"publish","type":"page","link":"https:\/\/klubolimpijczyka.duchu.net\/index.php\/mistzostwa-swiata-w-pilce-recznej-mezczyzn-78\/","title":{"rendered":"MISTZOSTWA \u015aWIATA W PI\u0141CE RECZNEJ M\u0118\u017bCZYZN"},"content":{"rendered":"<p><b>MISTZOSTWA \u015aWIATA W PI\u0141CE RECZNEJ M\u0118\u017bCZYZN<\/b><\/p>\n<p>1938 R. &#8211; Niemcy &#8211; <b>I miejsce<\/b>: Niemcy<br \/>\n1954 r. &#8211; Szwecja &#8211; <b>I miejsce<\/b>: Szwecja<br \/>\n1958 r. &#8211; NRD &#8211;<b> I miejsce<\/b>: Szwecja<br \/>\n1961 r. &#8211; RFN &#8211; <b>I miejsce<\/b>: Rumunia<br \/>\n1964 r. &#8211; Czechos\u0142owacja &#8211; <b>I miejsce<\/b>: Rumunia<br \/>\n1967 r. &#8211; Szwecja &#8211; <b>I miejsce<\/b>: Czechos\u0142owacja<br \/>\n1970 r. &#8211; Francja &#8211; <b>I miejsce<\/b>: Rumunia<br \/>\n1974 r. &#8211; NRD &#8211; <b>I miejsce<\/b>: Rumunia ( IV miejsce Polska)<br \/>\n1978 r. &#8211; Dania &#8211;<b> I miejsce<\/b>: RFN<br \/>\n1982 r. &#8211; RFN &#8211;<b> I miejsce<\/b>: ZSRR (III miejsce Polska)<br \/>\n1986 r. &#8211; Szwajcaria &#8211; <b>I miejsce<\/b>: Jugos\u0142awia<br \/>\n1990 r. &#8211; Czechos\u0142owacja &#8211; <b>I miejsce<\/b>: Szwecja<br \/>\n1993 r. &#8211; Szwecja &#8211; <b>I miejsce<\/b>: Rosja<br \/>\n1995 r. &#8211; Islandia &#8211;<b> I miejsce<\/b>: Francja<br \/>\n1997 r. &#8211; Japonia &#8211; <b>I miejsce<\/b>: Rosja<br \/>\n1999 r. &#8211; Egipt &#8211;<b> I miejsce<\/b>: Szwecja<br \/>\n2001 r. &#8211; Francja &#8211; <b>I miejsce<\/b>: Francja<br \/>\n2003 r. &#8211; Portugalia &#8211; <b>I miejsce<\/b>: Chorwacja<br \/>\n2005 r. &#8211; Tunezja &#8211; <b>I miejsce<\/b>: Hiszpania<br \/>\n2007 r. &#8211; Niemcy &#8211; <b>I miejsce<\/b>: Niemcy (II miejsce Polska)<br \/>\n2009 r. &#8211; Chorwacja &#8211;<b> I miejsce<\/b>: Francja (III miejsce Polska)<br \/>\n2011 r. Szwecja &#8211; <b>I miejsce<\/b>: Francja<br \/>\n2013 r. &#8211; Hiszpania &#8211; <b>I miejsce<\/b>: Hiszpania<br \/>\n2015 r.- Katar &#8211;<b> I miejsce: Francja<\/b> (III miejsce Polska!!!)<br \/>\n2017 r. &#8211; Francja &#8211; Francja<br \/>\n2019 r. &#8211; Dania i Niemcy &#8211; Dania<br \/>\n2021 r. \u2013 Egipt \u2013 I miejsce: Dania<br \/>\n2023 r. \u2013 Polska, Szwecja:\u00a0<strong>Dania<\/strong><\/p>\n","protected":false},"excerpt":{"rendered":"<p>MISTZOSTWA \u015aWIATA W PI\u0141CE RECZNEJ M\u0118\u017bCZYZN 1938 R. &#8211; Niemcy &#8211; I miejsce: Niemcy 1954 r. &#8211; Szwecja &#8211; I miejsce: Szwecja 1958 r. &#8211; NRD &#8211; I miejsce: Szwecja 1961 r. &#8211; RFN &#8211; I miejsce: Rumunia 1964 r. &#8211; Czechos\u0142owacja &#8211; I miejsce: Rumunia 1967 r. &#8211; Szwecja &#8211; I miejsce: Czechos\u0142owacja 1970\u2026 <span class=\"read-more\"><a href=\"https:\/\/klubolimpijczyka.duchu.net\/index.php\/mistzostwa-swiata-w-pilce-recznej-mezczyzn-78\/\">Czytaj dalej &raquo;<\/a><\/span><\/p>\n","protected":false},"author":2,"featured_media":0,"parent":0,"menu_order":0,"comment_status":"open","ping_status":"open","template":"","meta":{"footnotes":""},"class_list":["post-78","page","type-page","status-publish","hentry"],"_links":{"self":[{"href":"https:\/\/klubolimpijczyka.duchu.net\/index.php\/wp-json\/wp\/v2\/pages\/78","targetHints":{"allow":["GET"]}}],"collection":[{"href":"https:\/\/klubolimpijczyka.duchu.net\/index.php\/wp-json\/wp\/v2\/pages"}],"about":[{"href":"https:\/\/klubolimpijczyka.duchu.net\/index.php\/wp-json\/wp\/v2\/types\/page"}],"author":[{"embeddable":true,"href":"https:\/\/klubolimpijczyka.duchu.net\/index.php\/wp-json\/wp\/v2\/users\/2"}],"replies":[{"embeddable":true,"href":"https:\/\/klubolimpijczyka.duchu.net\/index.php\/wp-json\/wp\/v2\/comments?post=78"}],"version-history":[{"count":1,"href":"https:\/\/klubolimpijczyka.duchu.net\/index.php\/wp-json\/wp\/v2\/pages\/78\/revisions"}],"predecessor-version":[{"id":894,"href":"https:\/\/klubolimpijczyka.duchu.net\/index.php\/wp-json\/wp\/v2\/pages\/78\/revisions\/894"}],"wp:attachment":[{"href":"https:\/\/klubolimpijczyka.duchu.net\/index.php\/wp-json\/wp\/v2\/media?parent=78"}],"curies":[{"name":"wp","href":"https:\/\/api.w.org\/{rel}","templated":true}]}}