{"id":72,"date":"2012-07-02T10:39:40","date_gmt":"2012-07-02T10:39:40","guid":{"rendered":"https:\/\/klubolimpijczyka-nowa.duchu.net\/?p=72"},"modified":"2024-03-06T17:30:15","modified_gmt":"2024-03-06T17:30:15","slug":"mistrzostwa-europy-w-pilce-noznej-72","status":"publish","type":"page","link":"https:\/\/klubolimpijczyka.duchu.net\/index.php\/mistrzostwa-europy-w-pilce-noznej-72\/","title":{"rendered":"MISTRZOSTWA EUROPY W PI\u0141CE NO\u017bNEJ"},"content":{"rendered":"<p><b>MISTRZOSTWA EUROPY W PI\u0141CE NO\u017bNEJ<\/b><\/p>\n<p>Euro jest najwi\u0119ksz\u0105 imprez\u0105 sportow\u0105 naszego kontynentu. Startuj\u0105 w nich reprezentanci europejskich pi\u0142karskich reprezentacji krajowych. A oto zwyci\u0119zcy w poszczeg\u00f3lnych latach:<\/p>\n<p>1960 &#8211; Francja: I miejsce &#8211; <b>Zwi\u0105zek Radziecki<\/b><br \/>1964 &#8211; Hiszpania: I miejsce &#8211; <b>Hiszpania<\/b><br \/>1968 &#8211; W\u0142ochy: I miejsce &#8211; <b>W\u0142ochy<\/b><br \/>1972 &#8211; Belgia: I miejsce &#8211; <b>Republika Federalna Niemiec<\/b><br \/>1976 &#8211; Jugos\u0142awia: I miejsce &#8211; <b>Czechos\u0142owacja<\/b><br \/>1980 &#8211; W\u0142ochy: I miejsce &#8211; <b>Republika Federalna Niemiec<\/b><br \/>1984 &#8211; Francja: I miejsce &#8211; <b>Francja<\/b><br \/>1988 &#8211; Republika Federalna Niemiec: I miejsce &#8211; <b>Holandia<\/b><br \/>1992 &#8211; Szwecja: I miejsce &#8211; <b>Dania<\/b><br \/>1996 &#8211; Anglia: I miejsce &#8211; <b>Niemcy<\/b><br \/>2000 &#8211; Belgia i Holandia: I miejsce &#8211; <b>Francja<\/b><br \/>2004 &#8211; Portugalia: I miejsce &#8211; <b>Grecja<\/b><br \/>2008 &#8211; Austria i Szwajcaria: I miejsce &#8211; <b>Hiszpania<\/b><br \/>2012 &#8211; Polska i Ukraina: I miejsce &#8211; <b>Hiszpania<\/b><br \/>2016 &#8211; Francja &#8211; I miejsce &#8211; Portugalia<br \/>2021 r. \u2013 Egipt \u2013 I miejsce: Dania<br \/>2023 r. \u2013 Polska, Szwecja:\u00a0<strong>Dania<\/strong><\/p>\n\n\n<p><\/p>\n","protected":false},"excerpt":{"rendered":"<p>MISTRZOSTWA EUROPY W PI\u0141CE NO\u017bNEJ Euro jest najwi\u0119ksz\u0105 imprez\u0105 sportow\u0105 naszego kontynentu. Startuj\u0105 w nich reprezentanci europejskich pi\u0142karskich reprezentacji krajowych. A oto zwyci\u0119zcy w poszczeg\u00f3lnych latach: 1960 &#8211; Francja: I miejsce &#8211; Zwi\u0105zek Radziecki1964 &#8211; Hiszpania: I miejsce &#8211; Hiszpania1968 &#8211; W\u0142ochy: I miejsce &#8211; W\u0142ochy1972 &#8211; Belgia: I miejsce &#8211; Republika Federalna Niemiec1976 &#8211;\u2026 <span class=\"read-more\"><a href=\"https:\/\/klubolimpijczyka.duchu.net\/index.php\/mistrzostwa-europy-w-pilce-noznej-72\/\">Czytaj dalej &raquo;<\/a><\/span><\/p>\n","protected":false},"author":2,"featured_media":0,"parent":0,"menu_order":0,"comment_status":"open","ping_status":"open","template":"","meta":{"footnotes":""},"class_list":["post-72","page","type-page","status-publish","hentry"],"_links":{"self":[{"href":"https:\/\/klubolimpijczyka.duchu.net\/index.php\/wp-json\/wp\/v2\/pages\/72","targetHints":{"allow":["GET"]}}],"collection":[{"href":"https:\/\/klubolimpijczyka.duchu.net\/index.php\/wp-json\/wp\/v2\/pages"}],"about":[{"href":"https:\/\/klubolimpijczyka.duchu.net\/index.php\/wp-json\/wp\/v2\/types\/page"}],"author":[{"embeddable":true,"href":"https:\/\/klubolimpijczyka.duchu.net\/index.php\/wp-json\/wp\/v2\/users\/2"}],"replies":[{"embeddable":true,"href":"https:\/\/klubolimpijczyka.duchu.net\/index.php\/wp-json\/wp\/v2\/comments?post=72"}],"version-history":[{"count":3,"href":"https:\/\/klubolimpijczyka.duchu.net\/index.php\/wp-json\/wp\/v2\/pages\/72\/revisions"}],"predecessor-version":[{"id":896,"href":"https:\/\/klubolimpijczyka.duchu.net\/index.php\/wp-json\/wp\/v2\/pages\/72\/revisions\/896"}],"wp:attachment":[{"href":"https:\/\/klubolimpijczyka.duchu.net\/index.php\/wp-json\/wp\/v2\/media?parent=72"}],"curies":[{"name":"wp","href":"https:\/\/api.w.org\/{rel}","templated":true}]}}