{"id":69,"date":"2011-03-08T09:13:03","date_gmt":"2011-03-08T09:13:03","guid":{"rendered":"https:\/\/klubolimpijczyka-nowa.duchu.net\/?p=69"},"modified":"2011-03-08T09:13:03","modified_gmt":"2011-03-08T09:13:03","slug":"zlote-reguly-fair-play-69","status":"publish","type":"page","link":"https:\/\/klubolimpijczyka.duchu.net\/index.php\/zlote-reguly-fair-play-69\/","title":{"rendered":"Z\u0142ote regu\u0142y fair play"},"content":{"rendered":"<p><b>Z\u0141OTE REGU\u0141Y FAIR PLAY<\/b><br \/>1.&nbsp;Kierujcie dzie\u0107mi tak, aby sport sta\u0142 si\u0119 jednym z element\u00f3w ich dobrego samopoczucia, zdrowego i radosnego stylu \u017cycia.<br \/>2.&nbsp;Uczcie swoich uczni\u00f3w r\u00f3\u017cnorodnych dziedzin sportu, aby we wczesnych latach przygotowania sportowego unikn\u0119li specjalizacji.<br \/>3.&nbsp;Stwarzajcie dzieciom okazj\u0119 do nieskr\u0119powanych gier rozwijaj\u0105c ich zwinno\u015b\u0107 i spryt. Podkre\u015blenie wagi wynik\u00f3w nie jest najwa\u017cniejsze.<br \/>4.&nbsp;Niech dzieci czuj\u0105, \u017ce gdy w konkurencjach sportowych zrobi\u0105 wszystko w miar\u0119 swoich mo\u017cliwo\u015bci, wzbogaca swoj\u0105 osobowo\u015b\u0107, rozwin\u0105 si\u0142\u0119 woli i poczucie w\u0142asnej warto\u015bci.<br \/>5.&nbsp;Uczcie dzieci i oceniajcie je za prawid\u0142owe sportowe zachowanie. Dajcie przyk\u0142ad osobisty.<br \/>6.&nbsp;Wspomagajcie uczni\u00f3w utalentowanych, utrzymujcie kontakt z ich nauczycielami, trenerami, rodzicami.<br \/>7.&nbsp;Dbajcie o dzieci zwolnione z zaj\u0119\u0107 wychowania fizycznego, pobudzajcie w nich naturalna ch\u0119\u0107 ruchu.<br \/>8.&nbsp;Piel\u0119gnujcie zami\u0142owanie do ruchu i sportu w ka\u017cdym detalu, aby na stadionach nie pojawiali si\u0119 tylko sportowcy wyj\u0105tkowi, ale aby zape\u0142ni\u0142y si\u0119 one znawcami i entuzjastami, kt\u00f3rzy doceni\u0105 dobr\u0105 gr\u0119.<br \/>9.&nbsp;Usi\u0142ujcie pozyska\u0107 koleg\u00f3w z grona pedagogicznego, aby zainteresowa\u0107 ich \u017cyciem sportowym szko\u0142y.<br \/>10.&nbsp;Wychowujcie dzieci tak, aby dba\u0142y o czysto\u015b\u0107 urz\u0105dze\u0144 sportowych, przyrz\u0105d\u00f3w i sprz\u0119tu.<br \/>11.&nbsp;Przy uk\u0142adaniu programu sportowego we\u017acie pod uwag\u0119 to, aby uczniowie dobrze si\u0119 uczyli. Podtrzymujcie wsp\u00f3\u0142zawodnictwo \u201eDobry ucze\u0144 &#8211; dobry sportowiec\u201d. <\/p>\n","protected":false},"excerpt":{"rendered":"<p>Z\u0141OTE REGU\u0141Y FAIR PLAY1.&nbsp;Kierujcie dzie\u0107mi tak, aby sport sta\u0142 si\u0119 jednym z element\u00f3w ich dobrego samopoczucia, zdrowego i radosnego stylu \u017cycia.2.&nbsp;Uczcie swoich uczni\u00f3w r\u00f3\u017cnorodnych dziedzin sportu, aby we wczesnych latach przygotowania sportowego unikn\u0119li specjalizacji.3.&nbsp;Stwarzajcie dzieciom okazj\u0119 do nieskr\u0119powanych gier rozwijaj\u0105c ich zwinno\u015b\u0107 i spryt. Podkre\u015blenie wagi wynik\u00f3w nie jest najwa\u017cniejsze.4.&nbsp;Niech dzieci czuj\u0105, \u017ce gdy w\u2026 <span class=\"read-more\"><a href=\"https:\/\/klubolimpijczyka.duchu.net\/index.php\/zlote-reguly-fair-play-69\/\">Czytaj dalej &raquo;<\/a><\/span><\/p>\n","protected":false},"author":2,"featured_media":0,"parent":0,"menu_order":0,"comment_status":"open","ping_status":"open","template":"","meta":{"footnotes":""},"class_list":["post-69","page","type-page","status-publish","hentry"],"_links":{"self":[{"href":"https:\/\/klubolimpijczyka.duchu.net\/index.php\/wp-json\/wp\/v2\/pages\/69","targetHints":{"allow":["GET"]}}],"collection":[{"href":"https:\/\/klubolimpijczyka.duchu.net\/index.php\/wp-json\/wp\/v2\/pages"}],"about":[{"href":"https:\/\/klubolimpijczyka.duchu.net\/index.php\/wp-json\/wp\/v2\/types\/page"}],"author":[{"embeddable":true,"href":"https:\/\/klubolimpijczyka.duchu.net\/index.php\/wp-json\/wp\/v2\/users\/2"}],"replies":[{"embeddable":true,"href":"https:\/\/klubolimpijczyka.duchu.net\/index.php\/wp-json\/wp\/v2\/comments?post=69"}],"version-history":[{"count":0,"href":"https:\/\/klubolimpijczyka.duchu.net\/index.php\/wp-json\/wp\/v2\/pages\/69\/revisions"}],"wp:attachment":[{"href":"https:\/\/klubolimpijczyka.duchu.net\/index.php\/wp-json\/wp\/v2\/media?parent=69"}],"curies":[{"name":"wp","href":"https:\/\/api.w.org\/{rel}","templated":true}]}}