{"id":63,"date":"2010-09-28T15:08:52","date_gmt":"2010-09-28T15:08:52","guid":{"rendered":"https:\/\/klubolimpijczyka-nowa.duchu.net\/?p=63"},"modified":"2010-09-28T15:08:52","modified_gmt":"2010-09-28T15:08:52","slug":"kodeks-fair-play-63","status":"publish","type":"page","link":"https:\/\/klubolimpijczyka.duchu.net\/index.php\/kodeks-fair-play-63\/","title":{"rendered":"Kodeks FAIR PLAY"},"content":{"rendered":"<p><b>FAIR PLAY<br \/>1.szczeg\u00f3lna warto\u015b\u0107<br \/>w sporcie i w \u017cyciu m\u0142odzie\u017cy<\/b><\/p>\n<p>Fair play okre\u015bla zasady post\u0119powania w relacjach mi\u0119dzyludzkich i spo\u0142ecznych. Chocia\u017c poj\u0119cie kojarzy si\u0119 g\u0142\u00f3wnie ze sportem, to ma ono racj\u0119 bytu i na innych p\u0142aszczyznach \u017cycia, szczeg\u00f3lnie teraz, gdy \u015bwiat p\u0119dzi do przodu, a ludzie ulegaj\u0105c presji \u201ewy\u015bcigu szczur\u00f3w\u201d gubi\u0105 gdzie\u015b humanitaryzm i zwyk\u0142e poczucie przyzwoito\u015bci. A przecie\u017c nie musi tak by\u0107, dlatego z uporem b\u0119dziemy zach\u0119ca\u0107 do kierowania si\u0119 zasadami, kt\u00f3re okre\u015bla&#8230;<\/p>\n<p><b>KODEKS FAIR PLAY<\/b><\/p>\n<p>FAIR PLAY &#8211; to m\u00f3j pomys\u0142 na sukces w \u017cyciu i w sporcie, ale nie &nbsp;&nbsp;&nbsp;za wszelk\u0105 cen\u0119.<br \/>FAIR PLAY &#8211; to dla mnie rado\u015b\u0107 ruchu i wsp\u00f3\u0142zawodnictwo, &nbsp;&nbsp;&nbsp;&nbsp;szacunek dla lepszego.<br \/>FAIR PLAY &#8211; to m\u00f3j spos\u00f3b na bycie sob\u0105 w \u017cyciu i w sporcie, w &nbsp;&nbsp;&nbsp;kontakcie z innymi.<br \/>FAIR PLAY &#8211; to \u017cyczliwo\u015b\u0107 dla ludzi, pomoc i wsp\u00f3\u0142dzia\u0142anie w &nbsp;&nbsp;&nbsp;sporcie oraz w \u017cyciu mojej klasy, szko\u0142y, mojej &nbsp;&nbsp;&nbsp;rodziny.<br \/>FAIR PLAY &#8211; to r\u00f3wno\u015b\u0107 szans w grze, zabawie, zawodach, &nbsp;&nbsp;&nbsp;&nbsp;rywalizacji kole\u017ce\u0144skiej.<br \/>FAIR PLAY &#8211; to ja i ty, to my i oni, dotyczy nas wszystkich.<br \/>FAIR PLAY &#8211; to przestrzeganie regu\u0142 gry i przepis\u00f3w, na co dzie\u0144 &nbsp;&nbsp;&nbsp;&#8211; w \u017cyciu i w walce sportowej.<br \/>FAIR PLAY &#8211; to troska o zdrowie moje i moich koleg\u00f3w, mojej &nbsp;&nbsp;&nbsp;rodziny i przyjaci\u00f3\u0142, w czasie pracy i wypoczynku.<br \/>FAIR PLAY &#8211; to poszanowanie ludzi, przyrody i \u015brodowiska.<br \/>FAIR PLAY &#8211; to moja walka z nielojalno\u015bci\u0105, niesprawiedliwo\u015bci\u0105 &nbsp;&nbsp;&nbsp;i oszustwami w \u017cyciu i w sporcie.<\/p>\n<p><b>Kodeks opracowali:<br \/>Zofia i Ryszard \u017bukowscy<\/b><\/p>\n","protected":false},"excerpt":{"rendered":"<p>FAIR PLAY1.szczeg\u00f3lna warto\u015b\u0107w sporcie i w \u017cyciu m\u0142odzie\u017cy Fair play okre\u015bla zasady post\u0119powania w relacjach mi\u0119dzyludzkich i spo\u0142ecznych. Chocia\u017c poj\u0119cie kojarzy si\u0119 g\u0142\u00f3wnie ze sportem, to ma ono racj\u0119 bytu i na innych p\u0142aszczyznach \u017cycia, szczeg\u00f3lnie teraz, gdy \u015bwiat p\u0119dzi do przodu, a ludzie ulegaj\u0105c presji \u201ewy\u015bcigu szczur\u00f3w\u201d gubi\u0105 gdzie\u015b humanitaryzm i zwyk\u0142e poczucie przyzwoito\u015bci.\u2026 <span class=\"read-more\"><a href=\"https:\/\/klubolimpijczyka.duchu.net\/index.php\/kodeks-fair-play-63\/\">Czytaj dalej &raquo;<\/a><\/span><\/p>\n","protected":false},"author":2,"featured_media":0,"parent":0,"menu_order":0,"comment_status":"open","ping_status":"open","template":"","meta":{"footnotes":""},"class_list":["post-63","page","type-page","status-publish","hentry"],"_links":{"self":[{"href":"https:\/\/klubolimpijczyka.duchu.net\/index.php\/wp-json\/wp\/v2\/pages\/63","targetHints":{"allow":["GET"]}}],"collection":[{"href":"https:\/\/klubolimpijczyka.duchu.net\/index.php\/wp-json\/wp\/v2\/pages"}],"about":[{"href":"https:\/\/klubolimpijczyka.duchu.net\/index.php\/wp-json\/wp\/v2\/types\/page"}],"author":[{"embeddable":true,"href":"https:\/\/klubolimpijczyka.duchu.net\/index.php\/wp-json\/wp\/v2\/users\/2"}],"replies":[{"embeddable":true,"href":"https:\/\/klubolimpijczyka.duchu.net\/index.php\/wp-json\/wp\/v2\/comments?post=63"}],"version-history":[{"count":0,"href":"https:\/\/klubolimpijczyka.duchu.net\/index.php\/wp-json\/wp\/v2\/pages\/63\/revisions"}],"wp:attachment":[{"href":"https:\/\/klubolimpijczyka.duchu.net\/index.php\/wp-json\/wp\/v2\/media?parent=63"}],"curies":[{"name":"wp","href":"https:\/\/api.w.org\/{rel}","templated":true}]}}