{"id":59,"date":"2009-06-23T20:50:27","date_gmt":"2009-06-23T20:50:27","guid":{"rendered":"https:\/\/klubolimpijczyka-nowa.duchu.net\/?p=59"},"modified":"2024-04-06T08:48:17","modified_gmt":"2024-04-06T08:48:17","slug":"halina-konopacka-czerebieta-pierwsza-polska-zlota-medalistka-olimpijska-59","status":"publish","type":"page","link":"https:\/\/klubolimpijczyka.duchu.net\/index.php\/halina-konopacka-czerebieta-pierwsza-polska-zlota-medalistka-olimpijska-59\/","title":{"rendered":"Halina Konopacka \u201eCzerebieta\u201d"},"content":{"rendered":"<p><center><b>Halina Konopacka \u201eCzerebieta\u201d &#8211; pierwsza polska z\u0142ota! medalistka olimpijska<\/b><\/center><\/p>\n<p>Jestem zafascynowana postaci\u0105 Haliny Konopackiej. To pierwsza polska medalistka olimpijska z roku 1928, z Amsterdamu. Medal zdoby\u0142a w rzucie dyskiem, kt\u00f3ry od pierwszej chwili, jak sama powiedzia\u0142a \u201ele\u017ca\u0142 wygodnie w d\u0142oni, nie wyda\u0142 si\u0119 ci\u0119\u017cki\u201d. Ju\u017c w\u00f3wczas wiedzia\u0142a, \u017ce w konkurencji tej b\u0119dzie odnosi\u0142a sukcesy!<br \/><b>Swoj\u0105 przygod\u0119 ze sportem zacz\u0119\u0142a<\/b> wcale nie od dysku, a <b>od narciarstwa.<\/b> Nazywano j\u0105 \u201eCzerebiet\u0105\u201d gdy\u017c pojawia\u0142a si\u0119 na stoku ubrana w czerwony sweter i beret. <b>Nie obcy by\u0142 jej tenis, p\u0142ywanie, gry zespo\u0142owe.<\/b> Konopacka szybko sta\u0142a si\u0119 ulubienic\u0105 kibic\u00f3w. Sympati\u0119 wzbudza\u0142a nie tylko wynikami sportowymi, ale przede wszystkim sposobem bycia, humorem, i kultur\u0105 osobist\u0105 To nie wszystko, <b>Halina Konopacka pisa\u0142a wiersze<\/b>. Ukaza\u0142y si\u0119 one w tomiku \u201eKt\u00f3rego\u015b dnia&#8221;. <b>Malowa\u0142a, rze\u017abi\u0142a.<\/b> Jak twierdzi\u0142a: \u201episanie wierszy i rzucanie dyskiem wymaga natchnienia\u201d. <b>Kiedy wybuch\u0142a II wojna \u015bwiatowa towarzyszy\u0142a m\u0119\u017cowi przy ewakuacji z\u0142ota Banku Polskiego do Francji<\/b>, kierowa\u0142a jednym z autobus\u00f3w!<br \/>W czerwcu 1940 roku wyemigrowa\u0142a do USA. Zmar\u0142a w Daytona Beach na Florydzie. <br \/>Urna z prochami mistrzyni olimpijskiej zosta\u0142a sprowadzona do Polski. Spocz\u0119\u0142a na Cmentarzu Br\u00f3dnowskim.<br \/><b>Pi\u0119kna kobieta, cz\u0142owiek renesansu, patriotka. Kto\u015b, kogo mo\u017cna i trzeba stawia\u0107 za wz\u00f3r.<\/b><\/p>\n<p>Kt\u00f3rego\u015b dnia &#8211; ach, wiem to,<br \/>P\u0142yn\u0105c nie wiedz\u0105c sk\u0105d,<br \/>Spod \u017cagla p\u0142acht rozpi\u0119tych<br \/>Na twardy wyjd\u0119 l\u0105d.<br \/>Zamieni\u0119 chwiejn\u0105 topiel<br \/>Na \u017cyzny, pewny grunt &#8211;<br \/>G\u0142\u0119boko w nim zakopi\u0119 <br \/>Ostatni, m\u0142ody bunt<br \/>Zamknie si\u0119 wielka roztocz,<br \/>Ogromny dawny \u015bwiat,<br \/>I zbiegnie w dru\u017ck\u0119 prost\u0105<br \/>Zwyczajnych ludzkich lat.<br \/>Lat jaki\u015b nie tak wielu,<br \/>Co prze\u017cy\u0107 trzeba z kim\u015b &#8211;<br \/>W dziesi\u0105tka wiosen weselu<br \/>W smutku dziesi\u0105tka zim.<br \/>Lecz p\u00f3ki si\u0142y we mnie<br \/>Zawracam popod pr\u0105d<br \/>Pr\u00f3buj\u0105c nadaremnie<br \/>Omin\u0105\u0107 bliski l\u0105d <br \/>I w wielk\u0105 uciec przestrze\u0144<br \/>Przed dniem, co musi przyj\u015b\u0107 &#8211; <br \/>Bo pragn\u0119 b\u0142\u0105dzi\u0107 jeszcze<br \/>Nim kiedy\u015b zaczn\u0119 i\u015b\u0107.<\/p>\n<p>&nbsp;&nbsp;<b><center>Halina Konopacka<\/center><\/b><\/p>\n","protected":false},"excerpt":{"rendered":"<p>Halina Konopacka \u201eCzerebieta\u201d &#8211; pierwsza polska z\u0142ota! medalistka olimpijska Jestem zafascynowana postaci\u0105 Haliny Konopackiej. To pierwsza polska medalistka olimpijska z roku 1928, z Amsterdamu. Medal zdoby\u0142a w rzucie dyskiem, kt\u00f3ry od pierwszej chwili, jak sama powiedzia\u0142a \u201ele\u017ca\u0142 wygodnie w d\u0142oni, nie wyda\u0142 si\u0119 ci\u0119\u017cki\u201d. Ju\u017c w\u00f3wczas wiedzia\u0142a, \u017ce w konkurencji tej b\u0119dzie odnosi\u0142a sukcesy!Swoj\u0105 przygod\u0119\u2026 <span class=\"read-more\"><a href=\"https:\/\/klubolimpijczyka.duchu.net\/index.php\/halina-konopacka-czerebieta-pierwsza-polska-zlota-medalistka-olimpijska-59\/\">Czytaj dalej &raquo;<\/a><\/span><\/p>\n","protected":false},"author":2,"featured_media":0,"parent":0,"menu_order":0,"comment_status":"open","ping_status":"open","template":"","meta":{"footnotes":""},"class_list":["post-59","page","type-page","status-publish","hentry"],"_links":{"self":[{"href":"https:\/\/klubolimpijczyka.duchu.net\/index.php\/wp-json\/wp\/v2\/pages\/59","targetHints":{"allow":["GET"]}}],"collection":[{"href":"https:\/\/klubolimpijczyka.duchu.net\/index.php\/wp-json\/wp\/v2\/pages"}],"about":[{"href":"https:\/\/klubolimpijczyka.duchu.net\/index.php\/wp-json\/wp\/v2\/types\/page"}],"author":[{"embeddable":true,"href":"https:\/\/klubolimpijczyka.duchu.net\/index.php\/wp-json\/wp\/v2\/users\/2"}],"replies":[{"embeddable":true,"href":"https:\/\/klubolimpijczyka.duchu.net\/index.php\/wp-json\/wp\/v2\/comments?post=59"}],"version-history":[{"count":1,"href":"https:\/\/klubolimpijczyka.duchu.net\/index.php\/wp-json\/wp\/v2\/pages\/59\/revisions"}],"predecessor-version":[{"id":3312,"href":"https:\/\/klubolimpijczyka.duchu.net\/index.php\/wp-json\/wp\/v2\/pages\/59\/revisions\/3312"}],"wp:attachment":[{"href":"https:\/\/klubolimpijczyka.duchu.net\/index.php\/wp-json\/wp\/v2\/media?parent=59"}],"curies":[{"name":"wp","href":"https:\/\/api.w.org\/{rel}","templated":true}]}}