{"id":57,"date":"2009-04-27T16:18:55","date_gmt":"2009-04-27T16:18:55","guid":{"rendered":"https:\/\/klubolimpijczyka-nowa.duchu.net\/?p=57"},"modified":"2026-04-16T21:28:14","modified_gmt":"2026-04-16T21:28:14","slug":"olimpijczycy-ktorzy-goscili-w-zso-nr1-w-terespolu-57","status":"publish","type":"page","link":"https:\/\/klubolimpijczyka.duchu.net\/index.php\/olimpijczycy-ktorzy-goscili-w-zso-nr1-w-terespolu-57\/","title":{"rendered":"OLIMPIJCZYCY, KT\u00d3RZY GO\u015aCILI W TERESPOLU"},"content":{"rendered":"<p><center><b>OLIMPIJCZYCY, KT\u00d3RZY GO\u015aCILI W ZSO NR1 W TERESPOLU<\/b><\/center><\/p>\n<p><b>JERZY HOMZIUK<\/b> &#8211; trener, skoczek i sprinter warszawskich akademik\u00f3w.<br \/>Olimpijczyk z Monachium (1972r) w skoku w dal. <b>Go\u015bci\u0142 u nas 14 marca 1975r<\/b><br \/>Urodzony w Mi\u0119dzyrzecu Podlaskim.<br \/><b>WALDEMAR BASZANOWSKI<\/b> &#8211; nauczyciel akademicki, trener, najlepszy polski sztangista XX wieku (trzeci na \u015bwiecie w historii podnoszenia ci\u0119\u017car\u00f3w za Turkiem Suleymanoglu i W\u0119grem Foeldim) wielokrotny mistrz \u015bwiata i Europy. Uczestnik Igrzysk Olimpijskich w Rzymie (1960r), w Tokio (1964r), w Meksyku (1968r) i w Monachium (1972r). Z\u0142oty medalista z Tokio i Meksyku. By\u0142 u nas go\u015bciem <b>10 kwietnia 1976r.<\/b><br \/><b>STANIS\u0141AW MARUSARZ<\/b> &#8211; <b>28 pa\u017adziernika 1976r<\/b> by\u0142 wielkim \u015bwi\u0119tem sportu szkolnego albowiem przyby\u0142 do nas najlepszy i najwszechstronniejszy narciarz okresu mi\u0119dzywojennego, kurier tatrza\u0144ski, polski \u201ekr\u00f3l nart\u201d. Uczestnik czterech zimowych Olimpiad: Lake Placid (1932), Garmisch &#8211; Partenkirchen (1936), Saint Moritz (1948) i Oslo (1952).Jego opowie\u015bci o walce z okupantem: s\u0142u\u017cbie kurierskiej na rasie Zakopane &#8211; Budapeszt czy ucieczce z pieczo\u0142owicie strze\u017conego niemieckiego wi\u0119zienia wywar\u0142y na m\u0142odzie\u017cy niezapomniane wra\u017cenie. \u015amia\u0142o mo\u017cna stwierdzi\u0107, \u017ce \u201eDziadek\u201d by\u0142 wzorem sportowca i cz\u0142owieka r\u00f3wnie\u017c dla m\u0142odzie\u017cy naszej szko\u0142y!<br \/><b>JERZY KULEJ<\/b> &#8211; spotka\u0142 si\u0119 z m\u0142odzie\u017c\u0105 w ZSO nr 1 w Terespolu <b>15 wrze\u015bnia 1977r.<\/b><br \/>Swoje dzieje, nie tylko sportowe opisa\u0142 w ksi\u0105\u017cce \u201eJerzy Kulej- dwie strony medalu\u201d.<br \/>By\u0142 dwukrotnym z\u0142otym medalist\u0105 Igrzysk Olimpijskich w boksie w Tokio i Meksyku.<br \/>Mened\u017cer, pose\u0142 na sejm RP, jedyny polski bokser, kt\u00f3ry nie le\u017ca\u0142 na deskach. Fenomen popularno\u015bci, trzeci na li\u015bcie najwybitniejszych polskich sportowc\u00f3w XX wieku.<br \/><b>ELWIRA SEROCZY\u0143SKA<\/b> &#8211; <b>W kwietniu 1982r <\/b> mieli\u015bmy zaszczyt go\u015bci\u0107 srebrn\u0105 medalistk\u0119 olimpijsk\u0105 ze Squaw Valley i mistrzyni\u0119 \u015bwiata z Imatry w \u0142y\u017cwiarstwie szybkim.<br \/>Uczestniczy\u0142a dwukrotnie w Igrzyskach: 1960r w Squaw Valley i w 1964r w Innsbrucku.<br \/><b>TERESA SUKNIEWICZ<\/b> &#8211; <b>r\u00f3wnie\u017c w kwietniu 1982r<\/b> nasz\u0105 szko\u0142\u0119 odwiedzi\u0142a<br \/>lekkoatletka, rekordzistka \u015bwiata i mistrzyni Polski, olimpijka z Meksyku w biegach przez p\u0142otki. Magister ekonomii, najlepsza sportsmenka w plebiscycie \u201ePS\u201d (1970), \u201ez\u0142otych kolc\u00f3w\u201d (1970).<\/p>\n<p><strong>ALEKSANDRA KLEJNOWSKA\u00a0<\/strong>&#8211;\u00a0<strong>16.09.2004r.<\/strong>\u00a0&#8211; Dwukrotna uczestniczka Igrzysk Olimpijskich: w Sydney (2000r) i w Atenach (2004r) w podnoszeniu ci\u0119\u017car\u00f3w (dwukrotnie by\u0142a pi\u0105ta).<br \/><strong>JURGEN STRAUB &#8211; 16 .09. 2004r.<\/strong>\u00a0&#8211; Niemiecki lekkoatleta, srebrny medalista z Moskwy na 1500 m<br \/><strong>ZENON LICZNERSKI &#8211; 28.05.2008r., 28.09.2011 r.<\/strong>\u00a0&#8211; Uczestnik Igrzysk Olimpijskich w Montrealu (1976r) i w Moskwie (1980r). Srebrny medalista olimpijski z Moskwy w sztafecie 4x100m.<br \/><strong>KAZIMIERZ CZARNECKI &#8211; 25.09.2008r., 13.05.2012 r., 15.06.2013 r., 14.06.2014 r., 12 \u2013 13.06.2015 r., 16.06.2018 r., 25.04.2019 r., 21.09 .2023 r.<\/strong>&#8211; Br\u0105zowy medalista olimpijski z Montrealu w podnoszeniu ci\u0119\u017car\u00f3w.<br \/><strong>DARIUSZ GO\u0179DZIAK \u2013 30 .09.2009 r., 26.06.2010r., 12-13.06.2015 r., 16.06.2018 r., 21.09.2023 r., 23.03.2024r., 15.04.2025 r.<\/strong>\u00a0&#8211; Pi\u0119cioboista, z\u0142oty medalista olimpijski w dru\u017cynie z Barcelony.<br \/><strong>GRZEGORZ KOTOWSKI \u2013 30 .09.2009 r., 18.04.2013 r.<\/strong>\u00a0&#8211; Uczestnik XXI \u015awiatowych Letnich Igrzysk Olimpijskich G\u0142uchych w Taipei na Tajwanie.<br \/><strong>SZYMON KO\u0141ECKI \u2013 23.05.2010 r.<\/strong>\u00a0&#8211; Wicemistrz Olimpijski z Sydney(2000r) i Pekinu (2008r) w podnoszeniu ci\u0119\u017car\u00f3w.<br \/><strong>ADRIAN ZIELI\u0143SKI \u2013 23.05.2010 r.<\/strong>\u00a0&#8211; Mistrz \u015awiata, z\u0142oty medalista olimpijski z Londynu w podnoszeniu ci\u0119\u017car\u00f3w.<br \/><strong>MARCIN DO\u0141\u0118GA \u2013 23.05.2010 r.<\/strong>\u00a0&#8211; Medalista Mistrzostw Europy, siedmiokrotny Mistrz Polski Senior\u00f3w w podnoszeniu ci\u0119\u017car\u00f3w.<br \/><strong>IZABELA TRZASKALSKA \u2013 22.09.2010 r., 15.04.2015 r., 12.04.22 r.<\/strong>\u00a0\u2013 Uczestniczka M\u015a w Londynie (P\u00f3\u0142maraton \u2013 2017 r.)<br \/><strong>OLGIERD STA\u0143SKI \u2013 20.04,2012 r., 26.04.2017 r.<\/strong>\u00a0&#8211; Olimpijczyk z Sydney z 2000 roku.<br \/><strong>MARIAN SYPNIEWSKI \u2013 26 wrze\u015bnia 2012 r., 14.06.2014 r., 25.09.2014 r., 22.09.2016 r., 10.06.2017 r., 18.09.2019 r., 20.04.2023 r.<\/strong>\u00a0&#8211; Dwukrotny br\u0105zowy medalista Igrzysk Olimpijskich z Moskwy (1980) i Barcelony (1992) we florecie.<br \/><strong>EL\u017bBIETA KWIATKOWSKA \u2013 14.06.2014 r., 12 \u2013 13.06.2014 r.<\/strong>\u00a0\u2013 Przedstawiciel PKOL w Warszawie.<br \/><strong>JULIA NIESTIERENKO (BY) \u2013 18.03.2014 r.<\/strong>\u00a0&#8211; Z\u0142ota medalistka Igrzysk Olimpijskich na 100 metr\u00f3w z Aten (10,93s).<br \/><strong>LIDIA CHOJECKA \u2013 16.04.2014r., 24.09.2015 r., 27.09.2017 r., 13.042018 r.<\/strong>\u00a0&#8211; Trzykrotna olimpijka: 2000, 2004 i 2008r.<br \/><strong>NATALIA SEME\u0143CZUK (BY) \u2013 14.06.2014 r.<\/strong>\u00a0&#8211; Olimpijka z Pekinu i Londynu w rzucie oszczepem.<br \/><strong>JURIJ DO\u0141GOPO\u0141OW (BY) \u2013 12-13.06.2015 r.\u00a0<\/strong>&#8211; Olimpijczyk z Pekinu 2008 i Londynu 2012 w strzelectwie.<br \/><strong>IRINA KULESZA (BY) &#8211; 12-13.06.2015 r.\u00a0<\/strong>&#8211; Medalistka IO z Londynu 2012 w podnoszeniu ci\u0119\u017car\u00f3w.<br \/><strong>JEKATIERINA KRUCZENOG (BY) \u2013 12-13.06.2015 r.<\/strong>\u00a0&#8211; Mistrzyni \u015awiata w strzelectwie.<br \/><strong>W\u0141ADYS\u0141AW ZIELI\u0143SKI \u2013 12-13.06.2015 r., 16.06.2018 r., 25.04. 2019 r., 21.09.2023 r.\u00a0<\/strong>&#8211; Trzykrotny uczestnik IO, Rzym 1960, Tokio 1964, Meksyk 1968, br\u0105zowy medalista z Rzymu w kajakarstwie.<br \/><strong>MATEUSZ SKULIMOWSKI \u2013 24.09. 2015 r., 15.04.2016 r., 22.09.2016 r., 26.04.2017 r.\u00a0<\/strong>\u2013 Wicemistrz Europy Junior\u00f3w w Podnoszeniu Ci\u0119\u017car\u00f3w.<br \/><strong>GRA\u017bYNA RABSZTYN \u201315.04.2016 r.<\/strong>\u00a0&#8211; Halowa Mistrzyni Europy (1974, 1975), trzykrotna olimpijka (1972, 1976, 1980), trzykrotna rekordzistka \u015bwiata w biegu na 100 m pp\u0142.<br \/><strong>ROBERT DO\u0141\u0118GA \u2013 4.06.2016 r.<\/strong>\u00a0&#8211; Dwukrotny olimpijczyk (Ateny \u2013 2004 r. i Pekin \u2013 2008 r.), 13 \u2013 krotny medalista Mistrzostw Polski, srebrny i br\u0105zowy medalista Mistrzostw Europy w podnoszeniu ci\u0119\u017car\u00f3w<br \/><strong>SERGEJ CHEBERIAK (BY) \u2013 4.06.2016 r.<\/strong>\u00a0&#8211; Srebrny medalista Mistrzostw Europy w Biegach Prze\u0142ajowych.<br \/><strong>IWONA MARCINKIEWICZ \u2013 25.04.2019 r.<\/strong>\u00a0&#8211; Br\u0105zowa medalistka olimpijska z Atlanty w dru\u017cynie i uczestniczka igrzysk olimpijskich, dwukrotna mistrzyni Europy oraz mistrzyni Polski w \u0142ucznictwie.<br \/><strong>LUIZA Z\u0141OTKOWSKA \u2013 21.09.22 r.<\/strong>\u00a0&#8211; trzykrotna olimpijka, br\u0105zowa medalistka Zimowych Igrzysk Olimpijskich w Vancouver 2010 oraz srebrna medalistka igrzysk w Soczi 2014 w \u0142y\u017cwiarstwie szybkim.<\/p>\n\n\n<p><strong>PIOTR MARKIEWICZ &#8211; 23.04.2024 r.<\/strong> \u2013 br\u0105zowy medalista IO w kajakarstwie w Atlancie (1996 r) oraz <strong>DARIUSZ KOWALUK 23.04.2024 r<\/strong>.\u2013 z\u0142oty medalista IO w sztafecie mieszanej 4&#215;400 m w Tokio (2020 r).<br><strong>KATARZYNA SZOTY\u0143SKA\u00a018.09.2024 r<\/strong>., <strong>18.09.2025 r.<\/strong> &#8211; Olimpijka z\u00a0Pekinu (2008r.), czterokrotna Mistrzyni \u015awiata i dwukrotna Mistrzyni\u0119 Europy w \u017ceglarstwie. Obecnie pracuje jako dyrektor Dzia\u0142u Kultury i Edukacji Olimpijskiej w PKOl. Jest poetk\u0105 i autork\u0105 wielu tekst\u00f3w popularno-naukowych z zakresu sportu i kultury.<br><strong>KATARZYNA NIED\u0179WIEDZKA &#8211; 16.04.2026 r.<\/strong> &#8211; br\u0105zowa medalistka z Vancouver(2010 r.) i srebrna medalistka olimpijska z Soczi (2014 r.) w wy\u015bcigu dru\u017cynowym w \u0142y\u017cwiarstwie szybkim<\/p>\n\n\n\n<p><br><\/p>\n\n\n\n<p><\/p>\n","protected":false},"excerpt":{"rendered":"<p>OLIMPIJCZYCY, KT\u00d3RZY GO\u015aCILI W ZSO NR1 W TERESPOLU JERZY HOMZIUK &#8211; trener, skoczek i sprinter warszawskich akademik\u00f3w.Olimpijczyk z Monachium (1972r) w skoku w dal. Go\u015bci\u0142 u nas 14 marca 1975rUrodzony w Mi\u0119dzyrzecu Podlaskim.WALDEMAR BASZANOWSKI &#8211; nauczyciel akademicki, trener, najlepszy polski sztangista XX wieku (trzeci na \u015bwiecie w historii podnoszenia ci\u0119\u017car\u00f3w za Turkiem Suleymanoglu i W\u0119grem\u2026 <span class=\"read-more\"><a href=\"https:\/\/klubolimpijczyka.duchu.net\/index.php\/olimpijczycy-ktorzy-goscili-w-zso-nr1-w-terespolu-57\/\">Czytaj dalej &raquo;<\/a><\/span><\/p>\n","protected":false},"author":2,"featured_media":0,"parent":0,"menu_order":0,"comment_status":"open","ping_status":"open","template":"","meta":{"footnotes":""},"class_list":["post-57","page","type-page","status-publish","hentry"],"_links":{"self":[{"href":"https:\/\/klubolimpijczyka.duchu.net\/index.php\/wp-json\/wp\/v2\/pages\/57","targetHints":{"allow":["GET"]}}],"collection":[{"href":"https:\/\/klubolimpijczyka.duchu.net\/index.php\/wp-json\/wp\/v2\/pages"}],"about":[{"href":"https:\/\/klubolimpijczyka.duchu.net\/index.php\/wp-json\/wp\/v2\/types\/page"}],"author":[{"embeddable":true,"href":"https:\/\/klubolimpijczyka.duchu.net\/index.php\/wp-json\/wp\/v2\/users\/2"}],"replies":[{"embeddable":true,"href":"https:\/\/klubolimpijczyka.duchu.net\/index.php\/wp-json\/wp\/v2\/comments?post=57"}],"version-history":[{"count":9,"href":"https:\/\/klubolimpijczyka.duchu.net\/index.php\/wp-json\/wp\/v2\/pages\/57\/revisions"}],"predecessor-version":[{"id":5042,"href":"https:\/\/klubolimpijczyka.duchu.net\/index.php\/wp-json\/wp\/v2\/pages\/57\/revisions\/5042"}],"wp:attachment":[{"href":"https:\/\/klubolimpijczyka.duchu.net\/index.php\/wp-json\/wp\/v2\/media?parent=57"}],"curies":[{"name":"wp","href":"https:\/\/api.w.org\/{rel}","templated":true}]}}